{"id":1408,"date":"2025-09-10T21:06:52","date_gmt":"2025-09-10T19:06:52","guid":{"rendered":"http:\/\/anpsthemes.com\/construction\/?page_id=1408"},"modified":"2025-11-24T23:41:09","modified_gmt":"2025-11-24T22:41:09","slug":"about-us","status":"publish","type":"page","link":"https:\/\/www.houseprintservices.tn\/en\/about-us\/","title":{"rendered":"About us"},"content":{"rendered":"<div class=\"wpb-content-wrapper\"><p>[vc_row css=&#8221;.vc_custom_1460122496361{margin-bottom: 30px !important;}&#8221;][vc_column width=&#8221;1\/2&#8243;][vc_custom_heading text=&#8221;ABOUT HPS&#8221; use_theme_fonts=&#8221;yes&#8221; css=&#8221;&#8221; el_class=&#8221;title&#8221;][vc_empty_space height=&#8221;20px&#8221;][vc_column_text css=&#8221;&#8221;]Fond\u00e9e en 2003, House Print &amp; Services est une entreprise familiale tunisienne qui a su \u00e9voluer et se d\u00e9velopper pour r\u00e9pondre aux besoins croissants de ses clients. D\u2019abord sp\u00e9cialis\u00e9e dans l\u2019impression traditionnelle et les travaux de ville, notre soci\u00e9t\u00e9 est aujourd\u2019hui une moyenne entreprise reconnue dans le domaine de l\u2019emballage et de la papeterie.<\/p>\n<p>Forte de plus de 20 ans d\u2019exp\u00e9rience, notre soci\u00e9t\u00e9 op\u00e8re aussi bien sur le march\u00e9 local que sur le march\u00e9 international, en exportant vers plusieurs pays europ\u00e9ens.<\/p>\n<p>Nous concevons et fabriquons des emballages en carton compact et ondul\u00e9 destin\u00e9s \u00e0 tous types de secteurs, ainsi qu\u2019une large gamme de cahiers scolaires r\u00e9pondant aux standards de qualit\u00e9 les plus exigeants.<\/p>\n<p>Dot\u00e9e d\u2019un parc machines polyvalent et d\u2019un savoir-faire technique \u00e9prouv\u00e9, House Print &amp; Services est capable de r\u00e9pondre \u00e0 tout type de besoin, quel que soit le secteur d\u2019activit\u00e9, dans le domaine de l\u2019emballage comme dans la fabrication de cahiers scolaires.<\/p>\n<p>Notre outil industriel s\u2019appuie sur deux sites de production distincts, totalisant plus de 8 000 m\u00b2, dot\u00e9s d\u2019\u00e9quipements modernes et d\u2019\u00e9quipes qualifi\u00e9es. Cette organisation nous permet d\u2019assurer une production flexible, des d\u00e9lais ma\u00eetris\u00e9s et un haut niveau de qualit\u00e9.<\/p>\n<p>Fid\u00e8les \u00e0 nos valeurs familiales, nous mettons un point d\u2019honneur \u00e0 offrir un service personnalis\u00e9, un accompagnement technique et des solutions sur mesure pour chacun de nos clients. Avec House Print &amp; Services, vous b\u00e9n\u00e9ficiez d\u2019un partenaire fiable et engag\u00e9, \u00e0 la hauteur de\u00a0vos\u00a0ambitions.[\/vc_column_text][\/vc_column][vc_column width=&#8221;1\/2&#8243;][vc_raw_html css=&#8221;&#8221;]JTNDaWZyYW1lJTIwc3JjJTNEJTIyaHR0cHMlM0ElMkYlMkZ3d3cuZ29vZ2xlLmNvbSUyRm1hcHMlMkZlbWJlZCUzRnBiJTNEJTIxMW0xOCUyMTFtMTIlMjExbTMlMjExZDMxOTguMzIxMjg3ODYzOTUxJTIxMmQxMC4xNzkxOTM5JTIxM2QzNi43MTQ4NDQyOTk5OTk5OTYlMjEybTMlMjExZjAlMjEyZjAlMjEzZjAlMjEzbTIlMjExaTEwMjQlMjEyaTc2OCUyMTRmMTMuMSUyMTNtMyUyMTFtMiUyMTFzMHgxMmZkMzdjMzdiYzA1YTcxJTI1M0EweDgyYzJhMjAwMjMwOWY4NDglMjEyelNHOTFjMlVnVUhKcGJuUWdKaUJUWlhKMmFXTmxjeURaaGRpMzJLall1ZGlwSU5pdjJLZllzU0RZcDltRTJMZllxTmluMkxuWXFTRFppTmluMllUWXJ0aXYyWVhZcDlpcSUyMTVlMCUyMTNtMiUyMTFzZnIlMjEyc3RuJTIxNHYxNzYzMDc5NjA4MzY0JTIxNW0yJTIxMXNmciUyMTJzdG4lMjIlMjB3aWR0aCUzRCUyMjYwMCUyMiUyMGhlaWdodCUzRCUyMjQ1MCUyMiUyMHN0eWxlJTNEJTIyYm9yZGVyJTNBMCUzQiUyMiUyMGFsbG93ZnVsbHNjcmVlbiUzRCUyMiUyMiUyMGxvYWRpbmclM0QlMjJsYXp5JTIyJTIwcmVmZXJyZXJwb2xpY3klM0QlMjJuby1yZWZlcnJlci13aGVuLWRvd25ncmFkZSUyMiUzRSUzQyUyRmlmcmFtZSUzRQ==[\/vc_raw_html][\/vc_column][\/vc_row]<\/p>\n<\/div>","protected":false},"excerpt":{"rendered":"<p>[vc_row css=&#8221;.vc_custom_1460122496361{margin-bottom: 30px !important;}&#8221;][vc_column width=&#8221;1\/2&#8243;][vc_custom_heading text=&#8221;ABOUT HPS&#8221; use_theme_fonts=&#8221;yes&#8221; css=&#8221;&#8221; el_class=&#8221;title&#8221;][vc_empty_space height=&#8221;20px&#8221;][vc_column_text css=&#8221;&#8221;]Fond\u00e9e en 2003, House Print &amp; Services est une entreprise familiale tunisienne qui a su \u00e9voluer et se d\u00e9velopper pour r\u00e9pondre aux besoins croissants de ses clients. D\u2019abord sp\u00e9cialis\u00e9e &hellip;<\/p>\n","protected":false},"author":1,"featured_media":0,"parent":0,"menu_order":0,"comment_status":"closed","ping_status":"closed","template":"","meta":{"footnotes":""},"class_list":["post-1408","page","type-page","status-publish","hentry"],"yoast_head":"<!-- This site is optimized with the Yoast SEO Premium plugin v26.3 (Yoast SEO v26.3) - https:\/\/yoast.com\/wordpress\/plugins\/seo\/ -->\n<title>About us - House Print &amp; Services<\/title>\n<meta name=\"robots\" content=\"index, follow, max-snippet:-1, max-image-preview:large, max-video-preview:-1\" \/>\n<link rel=\"canonical\" href=\"https:\/\/www.houseprintservices.tn\/en\/about-us\/\" \/>\n<meta property=\"og:locale\" content=\"en_US\" \/>\n<meta property=\"og:type\" content=\"article\" \/>\n<meta property=\"og:title\" content=\"About us\" \/>\n<meta property=\"og:description\" content=\"[vc_row css=&#8221;.vc_custom_1460122496361{margin-bottom: 30px !important;}&#8221;][vc_column width=&#8221;1\/2&#8243;][vc_custom_heading text=&#8221;ABOUT HPS&#8221; use_theme_fonts=&#8221;yes&#8221; css=&#8221;&#8221; el_class=&#8221;title&#8221;][vc_empty_space height=&#8221;20px&#8221;][vc_column_text css=&#8221;&#8221;]Fond\u00e9e en 2003, House Print &amp; Services est une entreprise familiale tunisienne qui a su \u00e9voluer et se d\u00e9velopper pour r\u00e9pondre aux besoins croissants de ses clients. D\u2019abord sp\u00e9cialis\u00e9e &hellip;\" \/>\n<meta property=\"og:url\" content=\"https:\/\/www.houseprintservices.tn\/en\/about-us\/\" \/>\n<meta property=\"og:site_name\" content=\"House Print &amp; Services\" \/>\n<meta property=\"article:publisher\" content=\"https:\/\/www.facebook.com\/p\/Imprimerie-House-print-services-----100076206428427\/?locale=fr_FR\" \/>\n<meta property=\"article:modified_time\" content=\"2025-11-24T22:41:09+00:00\" \/>\n<meta name=\"twitter:card\" content=\"summary_large_image\" \/>\n<meta name=\"twitter:label1\" content=\"Est. reading time\" \/>\n\t<meta name=\"twitter:data1\" content=\"2 minutes\" \/>\n<script type=\"application\/ld+json\" class=\"yoast-schema-graph\">{\"@context\":\"https:\/\/schema.org\",\"@graph\":[{\"@type\":\"WebPage\",\"@id\":\"https:\/\/www.houseprintservices.tn\/en\/about-us\/\",\"url\":\"https:\/\/www.houseprintservices.tn\/en\/about-us\/\",\"name\":\"About us - House Print &amp; Services\",\"isPartOf\":{\"@id\":\"https:\/\/www.houseprintservices.tn\/#website\"},\"datePublished\":\"2025-09-10T19:06:52+00:00\",\"dateModified\":\"2025-11-24T22:41:09+00:00\",\"breadcrumb\":{\"@id\":\"https:\/\/www.houseprintservices.tn\/en\/about-us\/#breadcrumb\"},\"inLanguage\":\"en-US\",\"potentialAction\":[{\"@type\":\"ReadAction\",\"target\":[\"https:\/\/www.houseprintservices.tn\/en\/about-us\/\"]}]},{\"@type\":\"BreadcrumbList\",\"@id\":\"https:\/\/www.houseprintservices.tn\/en\/about-us\/#breadcrumb\",\"itemListElement\":[{\"@type\":\"ListItem\",\"position\":1,\"name\":\"Home\",\"item\":\"https:\/\/www.houseprintservices.tn\/en\/\"},{\"@type\":\"ListItem\",\"position\":2,\"name\":\"About us\"}]},{\"@type\":\"WebSite\",\"@id\":\"https:\/\/www.houseprintservices.tn\/#website\",\"url\":\"https:\/\/www.houseprintservices.tn\/\",\"name\":\"House Print & Services\",\"description\":\"L&#039;excellence de l&#039;impression\",\"publisher\":{\"@id\":\"https:\/\/www.houseprintservices.tn\/#organization\"},\"potentialAction\":[{\"@type\":\"SearchAction\",\"target\":{\"@type\":\"EntryPoint\",\"urlTemplate\":\"https:\/\/www.houseprintservices.tn\/?s={search_term_string}\"},\"query-input\":{\"@type\":\"PropertyValueSpecification\",\"valueRequired\":true,\"valueName\":\"search_term_string\"}}],\"inLanguage\":\"en-US\"},{\"@type\":\"Organization\",\"@id\":\"https:\/\/www.houseprintservices.tn\/#organization\",\"name\":\"House Print & Services\",\"url\":\"https:\/\/www.houseprintservices.tn\/\",\"logo\":{\"@type\":\"ImageObject\",\"inLanguage\":\"en-US\",\"@id\":\"https:\/\/www.houseprintservices.tn\/#\/schema\/logo\/image\/\",\"url\":\"https:\/\/www.houseprintservices.tn\/wp-content\/uploads\/2025\/11\/azertyui.jpg\",\"contentUrl\":\"https:\/\/www.houseprintservices.tn\/wp-content\/uploads\/2025\/11\/azertyui.jpg\",\"width\":512,\"height\":512,\"caption\":\"House Print & Services\"},\"image\":{\"@id\":\"https:\/\/www.houseprintservices.tn\/#\/schema\/logo\/image\/\"},\"sameAs\":[\"https:\/\/www.facebook.com\/p\/Imprimerie-House-print-services-----100076206428427\/?locale=fr_FR\",\"https:\/\/www.linkedin.com\/company\/house-print-services\"]}]}<\/script>\n<!-- \/ Yoast SEO Premium plugin. -->","yoast_head_json":{"title":"About us - House Print &amp; Services","robots":{"index":"index","follow":"follow","max-snippet":"max-snippet:-1","max-image-preview":"max-image-preview:large","max-video-preview":"max-video-preview:-1"},"canonical":"https:\/\/www.houseprintservices.tn\/en\/about-us\/","og_locale":"en_US","og_type":"article","og_title":"About us","og_description":"[vc_row css=&#8221;.vc_custom_1460122496361{margin-bottom: 30px !important;}&#8221;][vc_column width=&#8221;1\/2&#8243;][vc_custom_heading text=&#8221;ABOUT HPS&#8221; use_theme_fonts=&#8221;yes&#8221; css=&#8221;&#8221; el_class=&#8221;title&#8221;][vc_empty_space height=&#8221;20px&#8221;][vc_column_text css=&#8221;&#8221;]Fond\u00e9e en 2003, House Print &amp; Services est une entreprise familiale tunisienne qui a su \u00e9voluer et se d\u00e9velopper pour r\u00e9pondre aux besoins croissants de ses clients. D\u2019abord sp\u00e9cialis\u00e9e &hellip;","og_url":"https:\/\/www.houseprintservices.tn\/en\/about-us\/","og_site_name":"House Print &amp; Services","article_publisher":"https:\/\/www.facebook.com\/p\/Imprimerie-House-print-services-----100076206428427\/?locale=fr_FR","article_modified_time":"2025-11-24T22:41:09+00:00","twitter_card":"summary_large_image","twitter_misc":{"Est. reading time":"2 minutes"},"schema":{"@context":"https:\/\/schema.org","@graph":[{"@type":"WebPage","@id":"https:\/\/www.houseprintservices.tn\/en\/about-us\/","url":"https:\/\/www.houseprintservices.tn\/en\/about-us\/","name":"About us - House Print &amp; Services","isPartOf":{"@id":"https:\/\/www.houseprintservices.tn\/#website"},"datePublished":"2025-09-10T19:06:52+00:00","dateModified":"2025-11-24T22:41:09+00:00","breadcrumb":{"@id":"https:\/\/www.houseprintservices.tn\/en\/about-us\/#breadcrumb"},"inLanguage":"en-US","potentialAction":[{"@type":"ReadAction","target":["https:\/\/www.houseprintservices.tn\/en\/about-us\/"]}]},{"@type":"BreadcrumbList","@id":"https:\/\/www.houseprintservices.tn\/en\/about-us\/#breadcrumb","itemListElement":[{"@type":"ListItem","position":1,"name":"Home","item":"https:\/\/www.houseprintservices.tn\/en\/"},{"@type":"ListItem","position":2,"name":"About us"}]},{"@type":"WebSite","@id":"https:\/\/www.houseprintservices.tn\/#website","url":"https:\/\/www.houseprintservices.tn\/","name":"House Print & Services","description":"L&#039;excellence de l&#039;impression","publisher":{"@id":"https:\/\/www.houseprintservices.tn\/#organization"},"potentialAction":[{"@type":"SearchAction","target":{"@type":"EntryPoint","urlTemplate":"https:\/\/www.houseprintservices.tn\/?s={search_term_string}"},"query-input":{"@type":"PropertyValueSpecification","valueRequired":true,"valueName":"search_term_string"}}],"inLanguage":"en-US"},{"@type":"Organization","@id":"https:\/\/www.houseprintservices.tn\/#organization","name":"House Print & Services","url":"https:\/\/www.houseprintservices.tn\/","logo":{"@type":"ImageObject","inLanguage":"en-US","@id":"https:\/\/www.houseprintservices.tn\/#\/schema\/logo\/image\/","url":"https:\/\/www.houseprintservices.tn\/wp-content\/uploads\/2025\/11\/azertyui.jpg","contentUrl":"https:\/\/www.houseprintservices.tn\/wp-content\/uploads\/2025\/11\/azertyui.jpg","width":512,"height":512,"caption":"House Print & Services"},"image":{"@id":"https:\/\/www.houseprintservices.tn\/#\/schema\/logo\/image\/"},"sameAs":["https:\/\/www.facebook.com\/p\/Imprimerie-House-print-services-----100076206428427\/?locale=fr_FR","https:\/\/www.linkedin.com\/company\/house-print-services"]}]}},"_links":{"self":[{"href":"https:\/\/www.houseprintservices.tn\/en\/wp-json\/wp\/v2\/pages\/1408","targetHints":{"allow":["GET"]}}],"collection":[{"href":"https:\/\/www.houseprintservices.tn\/en\/wp-json\/wp\/v2\/pages"}],"about":[{"href":"https:\/\/www.houseprintservices.tn\/en\/wp-json\/wp\/v2\/types\/page"}],"author":[{"embeddable":true,"href":"https:\/\/www.houseprintservices.tn\/en\/wp-json\/wp\/v2\/users\/1"}],"replies":[{"embeddable":true,"href":"https:\/\/www.houseprintservices.tn\/en\/wp-json\/wp\/v2\/comments?post=1408"}],"version-history":[{"count":8,"href":"https:\/\/www.houseprintservices.tn\/en\/wp-json\/wp\/v2\/pages\/1408\/revisions"}],"predecessor-version":[{"id":2517,"href":"https:\/\/www.houseprintservices.tn\/en\/wp-json\/wp\/v2\/pages\/1408\/revisions\/2517"}],"wp:attachment":[{"href":"https:\/\/www.houseprintservices.tn\/en\/wp-json\/wp\/v2\/media?parent=1408"}],"curies":[{"name":"wp","href":"https:\/\/api.w.org\/{rel}","templated":true}]}}